{"id":4673,"date":"2024-09-11T22:45:51","date_gmt":"2024-09-11T22:45:51","guid":{"rendered":"https:\/\/damasonico.com\/?page_id=4673"},"modified":"2026-04-12T17:43:21","modified_gmt":"2026-04-12T17:43:21","slug":"thanks","status":"publish","type":"page","link":"https:\/\/damasonico.com\/es\/thanks\/","title":{"rendered":"Gracias"},"content":{"rendered":"<div data-elementor-type=\"wp-page\" data-elementor-id=\"4673\" class=\"elementor elementor-4673\" data-elementor-post-type=\"page\">\n\t\t\t\t<div class=\"elementor-element elementor-element-aa00f48 e-flex e-con-boxed e-con e-parent\" data-id=\"aa00f48\" data-element_type=\"container\" data-e-type=\"container\">\n\t\t\t\t\t<div class=\"e-con-inner\">\n\t\t\t\t<div class=\"elementor-element elementor-element-5d48b39 elementor-widget elementor-widget-spacer\" data-id=\"5d48b39\" data-element_type=\"widget\" data-e-type=\"widget\" data-widget_type=\"spacer.default\">\n\t\t\t\t<div class=\"elementor-widget-container\">\n\t\t\t\t\t\t\t<div class=\"elementor-spacer\">\n\t\t\t<div class=\"elementor-spacer-inner\"><\/div>\n\t\t<\/div>\n\t\t\t\t\t\t<\/div>\n\t\t\t\t<\/div>\n\t\t\t\t\t<\/div>\n\t\t\t\t<\/div>\n\t\t<div class=\"elementor-element elementor-element-b7a3df3 e-flex e-con-boxed e-con e-parent\" data-id=\"b7a3df3\" data-element_type=\"container\" data-e-type=\"container\">\n\t\t\t\t\t<div class=\"e-con-inner\">\n\t\t\t\t<div class=\"elementor-element elementor-element-cd52c81 elementor-widget elementor-widget-heading\" data-id=\"cd52c81\" data-element_type=\"widget\" data-e-type=\"widget\" data-widget_type=\"heading.default\">\n\t\t\t\t<div class=\"elementor-widget-container\">\n\t\t\t\t\t<h1 class=\"elementor-heading-title elementor-size-default\">Gracias<\/h1>\t\t\t\t<\/div>\n\t\t\t\t<\/div>\n\t\t\t\t<div class=\"elementor-element elementor-element-9c46e89 elementor-widget elementor-widget-text-editor\" data-id=\"9c46e89\" data-element_type=\"widget\" data-e-type=\"widget\" data-widget_type=\"text-editor.default\">\n\t\t\t\t<div class=\"elementor-widget-container\">\n\t\t\t\t\t\t\t\t\t<p>Gracias por tu mensaje, es muy importante para m\u00ed. Te responder\u00e9 lo antes posible, si me demoro es probable que est\u00e9 rodando. Espero que pronto hablemos de tu proyecto y exploremos c\u00f3mo podemos colaborar juntos.<\/p>\t\t\t\t\t\t\t\t<\/div>\n\t\t\t\t<\/div>\n\t\t\t\t\t<\/div>\n\t\t\t\t<\/div>\n\t\t<div class=\"elementor-element elementor-element-c962eda e-flex e-con-boxed e-con e-parent\" data-id=\"c962eda\" data-element_type=\"container\" data-e-type=\"container\">\n\t\t\t\t\t<div class=\"e-con-inner\">\n\t\t\t\t<div class=\"elementor-element elementor-element-3a76584 elementor-widget elementor-widget-spacer\" data-id=\"3a76584\" data-element_type=\"widget\" data-e-type=\"widget\" data-widget_type=\"spacer.default\">\n\t\t\t\t<div class=\"elementor-widget-container\">\n\t\t\t\t\t\t\t<div class=\"elementor-spacer\">\n\t\t\t<div class=\"elementor-spacer-inner\"><\/div>\n\t\t<\/div>\n\t\t\t\t\t\t<\/div>\n\t\t\t\t<\/div>\n\t\t<div class=\"elementor-element elementor-element-ef41b76 e-con-full e-flex e-con e-child\" data-id=\"ef41b76\" data-element_type=\"container\" data-e-type=\"container\">\n\t\t\t\t<div class=\"elementor-element elementor-element-65cc4b5 elementor-widget elementor-widget-spacer\" data-id=\"65cc4b5\" data-element_type=\"widget\" data-e-type=\"widget\" data-widget_type=\"spacer.default\">\n\t\t\t\t<div class=\"elementor-widget-container\">\n\t\t\t\t\t\t\t<div class=\"elementor-spacer\">\n\t\t\t<div class=\"elementor-spacer-inner\"><\/div>\n\t\t<\/div>\n\t\t\t\t\t\t<\/div>\n\t\t\t\t<\/div>\n\t\t<div class=\"elementor-element elementor-element-087e90d e-con-full e-flex e-con e-child\" data-id=\"087e90d\" data-element_type=\"container\" data-e-type=\"container\">\n\t\t\t\t<div class=\"elementor-element elementor-element-08af4f2 elementor-widget elementor-widget-heading\" data-id=\"08af4f2\" data-element_type=\"widget\" data-e-type=\"widget\" data-widget_type=\"heading.default\">\n\t\t\t\t<div class=\"elementor-widget-container\">\n\t\t\t\t\t<h2 class=\"elementor-heading-title elementor-size-default\">TU PROYECTO, MI COMPROMISO. TU SONIDO.<\/h2>\t\t\t\t<\/div>\n\t\t\t\t<\/div>\n\t\t\t\t<div class=\"elementor-element elementor-element-7e46010 elementor-widget elementor-widget-image\" data-id=\"7e46010\" data-element_type=\"widget\" data-e-type=\"widget\" data-widget_type=\"image.default\">\n\t\t\t\t<div class=\"elementor-widget-container\">\n\t\t\t\t\t\t\t\t\t\t\t\t\t\t\t<img fetchpriority=\"high\" decoding=\"async\" width=\"257\" height=\"256\" src=\"https:\/\/damasonico.com\/wp-content\/uploads\/2025\/11\/ama_cream.png\" class=\"attachment-medium size-medium wp-image-5756\" alt=\"\" srcset=\"https:\/\/damasonico.com\/wp-content\/uploads\/2025\/11\/ama_cream.png 257w, https:\/\/damasonico.com\/wp-content\/uploads\/2025\/11\/ama_cream-150x150.png 150w, https:\/\/damasonico.com\/wp-content\/uploads\/2025\/11\/ama_cream-12x12.png 12w\" sizes=\"(max-width: 257px) 100vw, 257px\" \/>\t\t\t\t\t\t\t\t\t\t\t\t\t\t\t<\/div>\n\t\t\t\t<\/div>\n\t\t\t\t<div class=\"elementor-element elementor-element-0cc456d elementor-widget elementor-widget-heading\" data-id=\"0cc456d\" data-element_type=\"widget\" data-e-type=\"widget\" data-widget_type=\"heading.default\">\n\t\t\t\t<div class=\"elementor-widget-container\">\n\t\t\t\t\t<h2 class=\"elementor-heading-title elementor-size-default\">ELEVATE YOUR SOUNDS TO THE NEXT LEVEL, TRUST MY EXPERTICE.<\/h2>\t\t\t\t<\/div>\n\t\t\t\t<\/div>\n\t\t\t\t<div class=\"elementor-element elementor-element-124ab30 elementor-shape-circle elementor-grid-0 e-grid-align-center elementor-widget elementor-widget-social-icons\" data-id=\"124ab30\" data-element_type=\"widget\" data-e-type=\"widget\" data-widget_type=\"social-icons.default\">\n\t\t\t\t<div class=\"elementor-widget-container\">\n\t\t\t\t\t\t\t<div class=\"elementor-social-icons-wrapper elementor-grid\" role=\"list\">\n\t\t\t\t\t\t\t<span class=\"elementor-grid-item\" role=\"listitem\">\n\t\t\t\t\t<a class=\"elementor-icon elementor-social-icon elementor-social-icon- elementor-repeater-item-82fb2cc\" href=\"#top\">\n\t\t\t\t\t\t<span class=\"elementor-screen-only\"><\/span>\n\t\t\t\t\t\t<svg xmlns=\"http:\/\/www.w3.org\/2000\/svg\" id=\"Capa_2\" viewbox=\"0 0 257.68 257.68\"><defs><style>.cls-1{fill:#e5e4db;stroke-width:0px;}<\/style><\/defs><g id=\"Capa_1-2\"><path class=\"cls-1\" d=\"M4.62,128.51c.15-.5.28-.97.41-1.39.02-.05.03-.1.05-.16,2.67-9.15,5.28-17.99,9.15-24.26,3.37-5.47,7.7-8.99,13.9-8.99,6.9,0,11.49,4.35,15.01,10.91,3.3,6.13,5.67,14.19,8.08,22.5.33,1.15.77,2.65,1.27,4.32.75,2.46,1.64,5.31,2.61,8.08,1.91,5.43,4.09,10.51,5.92,11.57.23.13.44.2.66.2,1.85,0,4.2-5.13,6.27-10.89,1.76-4.89,3.32-10.24,4.2-13.28,1.47-5.02,2.92-9.95,4.56-14.43,3.97-10.84,9.09-18.98,18.54-18.98,7.03,0,11.66,4.52,15.21,11.29,3.19,6.08,5.51,13.98,7.9,22.12,1.79,6.18,6.41,22,9.81,23.97.22.13.44.2.66.2,1.97,0,4.48-5.77,6.64-11.94,1.6-4.59,3.01-9.41,3.82-12.23,1.38-4.71,2.74-9.33,4.25-13.58,4.01-11.26,9.15-19.83,18.85-19.83,13.35,0,18.08,16.23,23.09,33.41,1.93,6.61,7.04,24.17,10.48,24.17.43,0,.88-.27,1.35-.76,3.31-3.46,7.45-17.63,9.12-23.41,3.32-11.42,6.55-22.37,12.24-28.46,2.88-3.08,6.37-4.94,10.86-4.94,7.44,0,12.2,5.04,15.83,12.47.04.07.07.14.11.21.05.11.11.24.16.36,2.75,5.81,4.85,12.99,7.01,20.37.93,3.18,2.59,8.89,4.45,13.96.38-4.03.59-8.1.59-12.23C257.68,57.68,200,0,128.84,0S0,57.68,0,128.84c0,4.1.21,8.16.59,12.16,1.61-4.38,3.07-9.21,4.03-12.5Z\"><\/path><path class=\"cls-1\" d=\"M247.24,151.41c-.04-.08-.08-.15-.12-.23-.11-.23-.21-.48-.32-.71-2.46-5.33-4.41-11.76-6.36-18.42-.14-.5-.29-.99-.43-1.49,0-.03-.02-.07-.03-.09-1.2-4.08-3.56-12.16-6-17.83-1.55-3.6-3.13-6.24-4.45-6.24-.83,0-1.77,1.05-2.73,2.71-3,5.19-6.28,16.46-7.75,21.46-2.2,7.56-4.35,14.93-7.21,20.82-3.63,7.5-8.41,12.59-15.88,12.59-13.35,0-18.09-16.23-23.1-33.41-1.93-6.61-7.04-24.17-10.47-24.17-1,0-2.14,1.51-3.3,3.78-2.62,5.11-5.34,14.16-6.83,19.21-.12.42-.24.82-.35,1.18-.94,3.22-1.87,6.41-2.85,9.46-.65,2.02-1.31,3.97-2.02,5.84,0,.02-.01.04-.02.06-.04.11-.09.21-.13.32-3.91,10.21-9,17.73-18.08,17.73-13.36,0-18.09-16.23-23.1-33.41-.19-.65-.42-1.43-.66-2.26-1.18-3.99-2.95-9.75-4.82-14.38-1.72-4.25-3.51-7.53-4.99-7.53-1.01,0-2.16,1.54-3.33,3.84-2.69,5.3-5.49,14.71-6.93,19.62-.07.24-.14.49-.21.71-.63,2.15-1.25,4.28-1.88,6.37-.83,2.75-1.7,5.4-2.62,7.92-3.97,10.91-9.1,19.12-18.59,19.12-6.8,0-11.36-4.23-14.87-10.64-3.38-6.16-5.77-14.35-8.23-22.77-1.79-6.18-6.41-21.99-9.81-23.97-.23-.13-.45-.2-.66-.2-1.45,0-3.2,3.15-4.89,7.28-2.3,5.63-4.47,13.08-5.58,16.89-3.61,12.38-7.09,24.21-13.73,29.89,14.1,55.87,64.67,97.22,124.92,97.22s110.83-41.36,124.92-97.23c-2.58-2.2-4.71-5.3-6.52-9.04Z\"><\/path><\/g><\/svg>\t\t\t\t\t<\/a>\n\t\t\t\t<\/span>\n\t\t\t\t\t\t\t<span class=\"elementor-grid-item\" role=\"listitem\">\n\t\t\t\t\t<a class=\"elementor-icon elementor-social-icon elementor-social-icon- elementor-repeater-item-cd32344\" href=\"mailto:damasonico@me.com?subject=Hello%20Damasonico\" target=\"_blank\">\n\t\t\t\t\t\t<span class=\"elementor-screen-only\"><\/span>\n\t\t\t\t\t\t<svg xmlns=\"http:\/\/www.w3.org\/2000\/svg\" xmlns:xlink=\"http:\/\/www.w3.org\/1999\/xlink\" fill=\"#000000\" height=\"800px\" width=\"800px\" id=\"Filled_Icons\" x=\"0px\" y=\"0px\" viewbox=\"0 0 24 24\" xml:space=\"preserve\"><g id=\"mail-filled\">\t<path d=\"M24,5.7V21H0V5.7l12,10L24,5.7z M12,13l12-9.9V3H0v0.1L12,13z\"><\/path><\/g><\/svg>\t\t\t\t\t<\/a>\n\t\t\t\t<\/span>\n\t\t\t\t\t\t\t<span class=\"elementor-grid-item\" role=\"listitem\">\n\t\t\t\t\t<a class=\"elementor-icon elementor-social-icon elementor-social-icon- elementor-repeater-item-3d194b9\" href=\"tel:+34675735546\" target=\"_blank\">\n\t\t\t\t\t\t<span class=\"elementor-screen-only\"><\/span>\n\t\t\t\t\t\t<svg xmlns=\"http:\/\/www.w3.org\/2000\/svg\" fill=\"#000000\" width=\"800px\" height=\"800px\" viewbox=\"0 0 24 24\"><path d=\"M21.384,17.752a2.108,2.108,0,0,1-.522,3.359,7.543,7.543,0,0,1-5.476.642C10.5,20.523,3.477,13.5,2.247,8.614a7.543,7.543,0,0,1,.642-5.476,2.108,2.108,0,0,1,3.359-.522L8.333,4.7a2.094,2.094,0,0,1,.445,2.328A3.877,3.877,0,0,1,8,8.2c-2.384,2.384,5.417,10.185,7.8,7.8a3.877,3.877,0,0,1,1.173-.781,2.092,2.092,0,0,1,2.328.445Z\"><\/path><\/svg>\t\t\t\t\t<\/a>\n\t\t\t\t<\/span>\n\t\t\t\t\t\t\t<span class=\"elementor-grid-item\" role=\"listitem\">\n\t\t\t\t\t<a class=\"elementor-icon elementor-social-icon elementor-social-icon- elementor-repeater-item-5205354\" href=\"https:\/\/www.imdb.com\/es-es\/name\/nm2317994\/?ref_=ext_shr_lnk\" target=\"_blank\">\n\t\t\t\t\t\t<span class=\"elementor-screen-only\"><\/span>\n\t\t\t\t\t\t<svg xmlns=\"http:\/\/www.w3.org\/2000\/svg\" xmlns:xlink=\"http:\/\/www.w3.org\/1999\/xlink\" fill=\"#000000\" width=\"800px\" height=\"800px\" viewbox=\"0 0 32 32\" id=\"Camada_1\" xml:space=\"preserve\"><g><path d=\"M8.4,21.1H5.9V9.9h3.8l0.7,4.7h0.1L11,9.9h3.8v11.2h-2.5v-6.7h-0.1l-0.9,6.7H9.4l-1-6.7h0L8.4,21.1L8.4,21.1z\"><\/path><path d=\"M15.8,9.8c0.4,0,3.2-0.1,4.7,0.1c1.2,0.1,1.8,1.1,1.9,2.3c0.1,2.2,0.1,4.4,0.1,6.6c0,0.2,0,0.5-0.1,0.8   c-0.2,0.9-0.7,1.4-1.9,1.5c-1.5,0.1-3,0.1-4.4,0.1c0,0-0.1,0-0.2,0V9.8z M18.8,11.9v7.2c0.5,0,0.8-0.2,0.8-0.7c0-1.9,0-3.9,0-5.9   C19.6,12,19.4,11.8,18.8,11.9z\"><\/path><path d=\"M2,21.1V9.9h2.9v11.2H2z\"><\/path><path d=\"M29.9,14.1c-0.1-0.8-0.6-1.2-1.4-1.4c-0.8-0.1-1.6,0-2.3,0.7V9.9h-2.8v11.2H26c0.1-0.2,0.1-0.4,0.2-0.5c0,0,0,0,0.1,0   c0.1,0.1,0.2,0.2,0.3,0.3c0.7,0.5,1.5,0.6,2.3,0.3c0.7-0.3,1-0.9,1-1.6c0-0.8,0.1-1.7,0.1-2.6C30,16,30,15,29.9,14.1L29.9,14.1z    M27.1,19.1c0,0.2-0.2,0.4-0.4,0.4s-0.4-0.2-0.4-0.4v-4.3c0-0.2,0.2-0.4,0.4-0.4s0.4,0.2,0.4,0.4V19.1z\"><\/path><\/g><\/svg>\t\t\t\t\t<\/a>\n\t\t\t\t<\/span>\n\t\t\t\t\t\t\t<span class=\"elementor-grid-item\" role=\"listitem\">\n\t\t\t\t\t<a class=\"elementor-icon elementor-social-icon elementor-social-icon-instagram elementor-repeater-item-fc0b40e\" href=\"https:\/\/www.instagram.com\/damasonico_damaso_hernandez\/\" target=\"_blank\">\n\t\t\t\t\t\t<span class=\"elementor-screen-only\">Instagram<\/span>\n\t\t\t\t\t\t<i aria-hidden=\"true\" class=\"fab fa-instagram\"><\/i>\t\t\t\t\t<\/a>\n\t\t\t\t<\/span>\n\t\t\t\t\t<\/div>\n\t\t\t\t\t\t<\/div>\n\t\t\t\t<\/div>\n\t\t\t\t<\/div>\n\t\t\t\t<div class=\"elementor-element elementor-element-1b89040 elementor-widget elementor-widget-spacer\" data-id=\"1b89040\" data-element_type=\"widget\" data-e-type=\"widget\" data-widget_type=\"spacer.default\">\n\t\t\t\t<div class=\"elementor-widget-container\">\n\t\t\t\t\t\t\t<div class=\"elementor-spacer\">\n\t\t\t<div class=\"elementor-spacer-inner\"><\/div>\n\t\t<\/div>\n\t\t\t\t\t\t<\/div>\n\t\t\t\t<\/div>\n\t\t\t\t<\/div>\n\t\t\t\t\t<\/div>\n\t\t\t\t<\/div>\n\t\t\t\t<\/div>","protected":false},"excerpt":{"rendered":"<p>Thanks I appreciate your message; it is very important to me. I will respond as soon as possible. I look forward to discussing your project and exploring how we can work together. YOUR PROJECT, MY COMMITMENT, YOUR SOUND. ELEVATE YOUR SOUNDS TO THE NEXT LEVEL, TRUST MY EXPERTICE. Instagram<\/p>","protected":false},"author":1,"featured_media":0,"parent":0,"menu_order":0,"comment_status":"closed","ping_status":"closed","template":"","meta":{"footnotes":""},"class_list":["post-4673","page","type-page","status-publish","hentry"],"_links":{"self":[{"href":"https:\/\/damasonico.com\/es\/wp-json\/wp\/v2\/pages\/4673","targetHints":{"allow":["GET"]}}],"collection":[{"href":"https:\/\/damasonico.com\/es\/wp-json\/wp\/v2\/pages"}],"about":[{"href":"https:\/\/damasonico.com\/es\/wp-json\/wp\/v2\/types\/page"}],"author":[{"embeddable":true,"href":"https:\/\/damasonico.com\/es\/wp-json\/wp\/v2\/users\/1"}],"replies":[{"embeddable":true,"href":"https:\/\/damasonico.com\/es\/wp-json\/wp\/v2\/comments?post=4673"}],"version-history":[{"count":14,"href":"https:\/\/damasonico.com\/es\/wp-json\/wp\/v2\/pages\/4673\/revisions"}],"predecessor-version":[{"id":6975,"href":"https:\/\/damasonico.com\/es\/wp-json\/wp\/v2\/pages\/4673\/revisions\/6975"}],"wp:attachment":[{"href":"https:\/\/damasonico.com\/es\/wp-json\/wp\/v2\/media?parent=4673"}],"curies":[{"name":"wp","href":"https:\/\/api.w.org\/{rel}","templated":true}]}}