{"id":58,"date":"2023-05-12T17:31:40","date_gmt":"2023-05-12T17:31:40","guid":{"rendered":"https:\/\/damasonico.com\/?page_id=58"},"modified":"2024-10-17T06:43:30","modified_gmt":"2024-10-17T06:43:30","slug":"services","status":"publish","type":"page","link":"https:\/\/damasonico.com\/es\/services\/","title":{"rendered":"servicios"},"content":{"rendered":"<div data-elementor-type=\"wp-page\" data-elementor-id=\"58\" class=\"elementor elementor-58\" data-elementor-post-type=\"page\">\n\t\t\t\t<div class=\"elementor-element elementor-element-7525e58 e-flex e-con-boxed e-con e-parent\" data-id=\"7525e58\" data-element_type=\"container\" data-e-type=\"container\">\n\t\t\t\t\t<div class=\"e-con-inner\">\n\t\t\t\t<div class=\"elementor-element elementor-element-7cc9076 elementor-widget elementor-widget-spacer\" data-id=\"7cc9076\" data-element_type=\"widget\" data-e-type=\"widget\" data-widget_type=\"spacer.default\">\n\t\t\t\t<div class=\"elementor-widget-container\">\n\t\t\t\t\t\t\t<div class=\"elementor-spacer\">\n\t\t\t<div class=\"elementor-spacer-inner\"><\/div>\n\t\t<\/div>\n\t\t\t\t\t\t<\/div>\n\t\t\t\t<\/div>\n\t\t\t\t\t<\/div>\n\t\t\t\t<\/div>\n\t\t<div class=\"elementor-element elementor-element-4bf266b e-flex e-con-boxed e-con e-parent\" data-id=\"4bf266b\" data-element_type=\"container\" data-e-type=\"container\">\n\t\t\t\t\t<div class=\"e-con-inner\">\n\t\t\t\t<div class=\"elementor-element elementor-element-3be7c0a elementor-widget elementor-widget-heading\" data-id=\"3be7c0a\" data-element_type=\"widget\" data-e-type=\"widget\" data-widget_type=\"heading.default\">\n\t\t\t\t<div class=\"elementor-widget-container\">\n\t\t\t\t\t<h1 class=\"elementor-heading-title elementor-size-default\">servicios<\/h1>\t\t\t\t<\/div>\n\t\t\t\t<\/div>\n\t\t\t\t\t<\/div>\n\t\t\t\t<\/div>\n\t\t<div class=\"elementor-element elementor-element-4e24b7e e-flex e-con-boxed e-con e-parent\" data-id=\"4e24b7e\" data-element_type=\"container\" data-e-type=\"container\">\n\t\t\t\t\t<div class=\"e-con-inner\">\n\t\t\t\t<div class=\"elementor-element elementor-element-5415804 elementor-widget elementor-widget-spacer\" data-id=\"5415804\" data-element_type=\"widget\" data-e-type=\"widget\" data-widget_type=\"spacer.default\">\n\t\t\t\t<div class=\"elementor-widget-container\">\n\t\t\t\t\t\t\t<div class=\"elementor-spacer\">\n\t\t\t<div class=\"elementor-spacer-inner\"><\/div>\n\t\t<\/div>\n\t\t\t\t\t\t<\/div>\n\t\t\t\t<\/div>\n\t\t\t\t\t<\/div>\n\t\t\t\t<\/div>\n\t\t<div class=\"elementor-element elementor-element-c325298 e-flex e-con-boxed e-con e-parent\" data-id=\"c325298\" data-element_type=\"container\" data-e-type=\"container\" data-settings=\"{&quot;animation&quot;:&quot;none&quot;}\">\n\t\t\t\t\t<div class=\"e-con-inner\">\n\t\t<div class=\"elementor-element elementor-element-90c2084 e-con-full animated-slow e-flex e-con e-child\" data-id=\"90c2084\" data-element_type=\"container\" data-e-type=\"container\" data-settings=\"{&quot;animation&quot;:&quot;none&quot;}\">\n\t\t\t\t<div class=\"elementor-element elementor-element-8323fd5 elementor-widget elementor-widget-text-editor\" data-id=\"8323fd5\" data-element_type=\"widget\" data-e-type=\"widget\" data-widget_type=\"text-editor.default\">\n\t\t\t\t<div class=\"elementor-widget-container\">\n\t\t\t\t\t\t\t\t\t<p>Explora mis servicios como sonidista: Soy un profesional dedicado al Sonido Directo, con especial atenci\u00f3n a obtener los mejores resultados sonoros para tu proyecto, ya sean largometrajes, series de televisi\u00f3n, documentales o publicidad. Tanto para grandes o peque\u00f1as producciones como para proyectos nacionales o internacionales, mi experiencia garantiza una calidad de sonido de primera para el \u00e9xito de tu proyecto.<\/p>\t\t\t\t\t\t\t\t<\/div>\n\t\t\t\t<\/div>\n\t\t\t\t<\/div>\n\t\t\t\t\t<\/div>\n\t\t\t\t<\/div>\n\t\t<div class=\"elementor-element elementor-element-dd3be72 e-flex e-con-boxed e-con e-parent\" data-id=\"dd3be72\" data-element_type=\"container\" data-e-type=\"container\">\n\t\t\t\t\t<div class=\"e-con-inner\">\n\t\t\t\t<div class=\"elementor-element elementor-element-1e60c86 elementor-widget elementor-widget-spacer\" data-id=\"1e60c86\" data-element_type=\"widget\" data-e-type=\"widget\" data-widget_type=\"spacer.default\">\n\t\t\t\t<div class=\"elementor-widget-container\">\n\t\t\t\t\t\t\t<div class=\"elementor-spacer\">\n\t\t\t<div class=\"elementor-spacer-inner\"><\/div>\n\t\t<\/div>\n\t\t\t\t\t\t<\/div>\n\t\t\t\t<\/div>\n\t\t\t\t\t<\/div>\n\t\t\t\t<\/div>\n\t\t<div class=\"elementor-element elementor-element-335f990 e-flex e-con-boxed e-con e-parent\" data-id=\"335f990\" data-element_type=\"container\" data-e-type=\"container\" data-settings=\"{&quot;animation&quot;:&quot;none&quot;}\">\n\t\t\t\t\t<div class=\"e-con-inner\">\n\t\t<div class=\"elementor-element elementor-element-6692cb3 e-con-full animated-slow e-flex e-con e-child\" data-id=\"6692cb3\" data-element_type=\"container\" data-e-type=\"container\" data-settings=\"{&quot;animation&quot;:&quot;none&quot;}\">\n\t\t\t\t<div class=\"elementor-element elementor-element-62c8516 elementor-widget elementor-widget-text-editor\" data-id=\"62c8516\" data-element_type=\"widget\" data-e-type=\"widget\" data-widget_type=\"text-editor.default\">\n\t\t\t\t<div class=\"elementor-widget-container\">\n\t\t\t\t\t\t\t\t\t<h4><span style=\"color: rgba(0, 0, 0, 0.64);\"><b>sonido directo<\/b><\/span><\/h4><p><span style=\"color: rgba(0, 0, 0, 0.64);\">Especializado en la grabaci\u00f3n de sonido para pel\u00edculas, series, documentales y spots publicitarios, mi enfoque se centra en capturar el mejor sonido directo que sea posible en el set. Me ocupo del di\u00e1logo, los sonidos ambiente y efectos para crear una experiencia fluida e inmersiva para el espectador. Asegurar un sonido directo impecable es esencial, ya que constituye la base para producciones audiovisuales de alta calidad. El uso de equipos de sonido de primera linea tambi\u00e9n es crucial para ofrecer una calidad de sonido excepcional.<\/span><\/p><p><span style=\"color: rgba(0, 0, 0, 0.64);\">\u00a0<\/span><\/p><h4><span style=\"color: rgba(0, 0, 0, 0.64); text-align: var(--text-align); background-color: var( --e-global-color-secondary );\"><b>alquiler de equipos de sonido<\/b><\/span><\/h4><p><span style=\"color: rgba(0, 0, 0, 0.64); text-align: var(--text-align); background-color: var( --e-global-color-secondary );\">Dota a tus producciones de un equipo de sonido de primera linea. Ofrezco una amplia gama de material de sonido en alquiler en funci\u00f3n de las necesidades espec\u00edficas de cada producci\u00f3n. Igualmente puedo ofrecerte el material que necesites si eres un t\u00e9cnico de sonido, asegurando as\u00ed que dispongas de todas las herramientas necesarias para obtener el mejor sonido.<\/span><\/p><p><span style=\"color: rgba(0, 0, 0, 0.64); text-align: var(--text-align); background-color: var( --e-global-color-secondary );\">\u00a0<\/span><\/p><h4><span style=\"color: rgba(0, 0, 0, 0.64); text-align: var(--text-align); background-color: var( --e-global-color-secondary );\"><b>dise\u00f1o de sonido y postproducci\u00f3n<\/b><\/span><\/h4><p><span style=\"color: rgba(0, 0, 0, 0.64); text-align: var(--text-align); background-color: var( --e-global-color-secondary );\">En colaboraci\u00f3n con un equipo de expertos y profesionales, damos vida a tu audio desde 0 hasta el infinito. Aunque mi experiencia se centra en la grabaci\u00f3n de Sonido Directo, puedo ofrecer servicios integrales de dise\u00f1o de sonido y postproducci\u00f3n a trav\u00e9s de mis colaboradores de confianza para crear paisajes sonoros envolventes para tus proyectos.<\/span><\/p><p><span style=\"color: rgba(0, 0, 0, 0.64); text-align: var(--text-align); background-color: var( --e-global-color-secondary );\">\u00a0<\/span><\/p><h4><span style=\"color: rgba(0, 0, 0, 0.64); text-align: var(--text-align); background-color: var( --e-global-color-secondary );\"><b>localizaciones para sonido<\/b><\/span><\/h4><p><span style=\"color: rgba(0, 0, 0, 0.64); text-align: var(--text-align); background-color: var( --e-global-color-secondary );\">Ofrezco servicios de evaluaci\u00f3n para las locaciones propuestas por producciones o localizadores, garantizando que cumplan con est\u00e1ndares \u00f3ptimos de grabaci\u00f3n de sonido. Eval\u00fao los lugares para asegurar que sean adecuados y propicios para un sonido de alta calidad, atendiendo a t\u00e9cnicos de sonido que no puedan realizar las locaciones para sus proyectos.<\/span><\/p><p><span style=\"color: rgba(0, 0, 0, 0.64); text-align: var(--text-align); background-color: var( --e-global-color-secondary );\">\u00a0<\/span><\/p><h4><span style=\"color: rgba(0, 0, 0, 0.64); text-align: var(--text-align); background-color: var( --e-global-color-secondary );\"><b>microfonista<\/b><\/span><\/h4><p><span style=\"color: rgba(0, 0, 0, 0.64); text-align: var(--text-align); background-color: var( --e-global-color-secondary );\">Aunque ahora estoy centrado en mi trabajo como T\u00e9cnico de Sonido Directo, mi pasi\u00f3n por el set y la acci\u00f3n que tiene lugar en \u00e9l sigue motiv\u00e1ndome para, en ocasiones, trabajar como microfonista. Tengo una extensa experiencia desempe\u00f1ando este puesto en producciones internacionales dentro y fuera de Espa\u00f1a, y sigo abierto a nuevas oportunidades. Puedo colaborar tanto con pproductoras extranjeras como de Service que rueden en Espa\u00f1a como con T\u00e9cnicos de Sonido que busquen un microfonista con experiencia reconocido en el sector. Si necesitas un microfonista con much\u00edsima experiencia, estar\u00e9 encantado de escuchar tu propuesta para una posible colaboraci\u00f3n juntos.<\/span><span style=\"color: rgba(0, 0, 0, 0.64); text-align: var(--text-align); background-color: var( --e-global-color-secondary );\">\u00a0<\/span><\/p><p><span style=\"color: rgba(0, 0, 0, 0.64);\">\u00a0<\/span><\/p>\t\t\t\t\t\t\t\t<\/div>\n\t\t\t\t<\/div>\n\t\t\t\t<\/div>\n\t\t\t\t\t<\/div>\n\t\t\t\t<\/div>\n\t\t<div class=\"elementor-element elementor-element-c4ac5a0 e-flex e-con-boxed e-con e-parent\" data-id=\"c4ac5a0\" data-element_type=\"container\" data-e-type=\"container\" data-settings=\"{&quot;animation&quot;:&quot;none&quot;}\">\n\t\t\t\t\t<div class=\"e-con-inner\">\n\t\t<div class=\"elementor-element elementor-element-6bc3acb e-con-full animated-slow e-flex e-con e-child\" data-id=\"6bc3acb\" data-element_type=\"container\" data-e-type=\"container\" data-settings=\"{&quot;animation&quot;:&quot;none&quot;}\">\n\t\t\t\t<div class=\"elementor-element elementor-element-9a51b86 elementor-widget elementor-widget-text-editor\" data-id=\"9a51b86\" data-element_type=\"widget\" data-e-type=\"widget\" data-widget_type=\"text-editor.default\">\n\t\t\t\t<div class=\"elementor-widget-container\">\n\t\t\t\t\t\t\t\t\t<p class=\"p1\">Gracias por explorar mis servicios como t\u00e9cnico de sonido. Desde la grabaci\u00f3n de sonido directo en el set hasta la postproducci\u00f3n, me comprometo a ofrecer resultados de primera que mejoren la narrativa visual de cada proyecto. \u00a1Espero colaborar contigo para crear un audio impactante y memorable para tus producciones audiovisuales!<\/p><p class=\"p1\"><b>escr\u00edbeme: <a href=\"http:\/\/http\/\/:www.damasonico.com\/contact\">Contacta conmigo hoy mismo, vamos a empezar!<\/a><\/b><\/p>\t\t\t\t\t\t\t\t<\/div>\n\t\t\t\t<\/div>\n\t\t\t\t<\/div>\n\t\t\t\t\t<\/div>\n\t\t\t\t<\/div>\n\t\t<div class=\"elementor-element elementor-element-2a49867 e-flex e-con-boxed e-con e-parent\" data-id=\"2a49867\" data-element_type=\"container\" data-e-type=\"container\">\n\t\t\t\t\t<div class=\"e-con-inner\">\n\t\t\t\t<div class=\"elementor-element elementor-element-7e14972 elementor-widget elementor-widget-spacer\" data-id=\"7e14972\" data-element_type=\"widget\" data-e-type=\"widget\" data-widget_type=\"spacer.default\">\n\t\t\t\t<div class=\"elementor-widget-container\">\n\t\t\t\t\t\t\t<div class=\"elementor-spacer\">\n\t\t\t<div class=\"elementor-spacer-inner\"><\/div>\n\t\t<\/div>\n\t\t\t\t\t\t<\/div>\n\t\t\t\t<\/div>\n\t\t\t\t\t<\/div>\n\t\t\t\t<\/div>\n\t\t<div class=\"elementor-element elementor-element-e8d62e5 e-flex e-con-boxed e-con e-parent\" data-id=\"e8d62e5\" data-element_type=\"container\" data-e-type=\"container\">\n\t\t\t\t\t<div class=\"e-con-inner\">\n\t\t<div class=\"elementor-element elementor-element-1467658 e-con-full e-flex e-con e-child\" data-id=\"1467658\" data-element_type=\"container\" data-e-type=\"container\">\n\t\t\t\t<div class=\"elementor-element elementor-element-83c16cf elementor-cta--skin-cover elementor-cta--valign-bottom elementor-bg-transform elementor-bg-transform-move-right elementor-animated-content elementor-widget elementor-widget-call-to-action\" data-id=\"83c16cf\" data-element_type=\"widget\" data-e-type=\"widget\" data-widget_type=\"call-to-action.default\">\n\t\t\t\t<div class=\"elementor-widget-container\">\n\t\t\t\t\t\t\t<a class=\"elementor-cta\" href=\"https:\/\/damasonico.com\/work\/\">\n\t\t\t\t\t<div class=\"elementor-cta__bg-wrapper\">\n\t\t\t\t<div class=\"elementor-cta__bg elementor-bg\" style=\"background-image: url(https:\/\/damasonico.com\/wp-content\/uploads\/2024\/09\/Damasonico_Sound-Mixer_On-Set_Machos-Alfa-3_10.jpg);\" role=\"img\" aria-label=\"Damasonico_Sound Mixer_On Set_Machos Alfa 3_10\"><\/div>\n\t\t\t\t<div class=\"elementor-cta__bg-overlay\"><\/div>\n\t\t\t<\/div>\n\t\t\t\t\t\t\t<div class=\"elementor-cta__content\">\n\t\t\t\t\n\t\t\t\t\t\t\t\t\t<h1 class=\"elementor-cta__title elementor-cta__content-item elementor-content-item elementor-animated-item--enter-from-bottom\">\n\t\t\t\t\t\tel trabajo de Damas\u00f3nico\t\t\t\t\t<\/h1>\n\t\t\t\t\n\t\t\t\t\t\t\t\t\t<div class=\"elementor-cta__description elementor-cta__content-item elementor-content-item elementor-animated-item--enter-from-bottom\">\n\t\t\t\t\t\techa un vistazo a mi trabajo\t\t\t\t\t<\/div>\n\t\t\t\t\n\t\t\t\t\t\t\t\t\t<div class=\"elementor-cta__button-wrapper elementor-cta__content-item elementor-content-item elementor-animated-item--enter-from-bottom\">\n\t\t\t\t\t<span class=\"elementor-cta__button elementor-button elementor-size-\">\n\t\t\t\t\t\tir a la p\u00e1gina\t\t\t\t\t<\/span>\n\t\t\t\t\t<\/div>\n\t\t\t\t\t\t\t<\/div>\n\t\t\t\t\t\t\t<div class=\"elementor-ribbon elementor-ribbon-left\">\n\t\t\t\t<div class=\"elementor-ribbon-inner\">\n\t\t\t\t\ttrabajo\t\t\t\t<\/div>\n\t\t\t<\/div>\n\t\t\t\t<\/a>\n\t\t\t\t\t\t<\/div>\n\t\t\t\t<\/div>\n\t\t\t\t<\/div>\n\t\t<div class=\"elementor-element elementor-element-afb24ba e-con-full e-flex e-con e-child\" data-id=\"afb24ba\" data-element_type=\"container\" data-e-type=\"container\">\n\t\t\t\t<div class=\"elementor-element elementor-element-83a3943 elementor-cta--skin-cover elementor-cta--valign-bottom elementor-bg-transform elementor-bg-transform-move-right elementor-animated-content elementor-widget elementor-widget-call-to-action\" data-id=\"83a3943\" data-element_type=\"widget\" data-e-type=\"widget\" data-widget_type=\"call-to-action.default\">\n\t\t\t\t<div class=\"elementor-widget-container\">\n\t\t\t\t\t\t\t<a class=\"elementor-cta\" href=\"https:\/\/damasonico.com\/equipment\/\">\n\t\t\t\t\t<div class=\"elementor-cta__bg-wrapper\">\n\t\t\t\t<div class=\"elementor-cta__bg elementor-bg\" style=\"background-image: url(https:\/\/damasonico.com\/wp-content\/uploads\/2024\/07\/IMG_E4542-1024x1024.jpg);\" role=\"img\" aria-label=\"IMG_E4542\"><\/div>\n\t\t\t\t<div class=\"elementor-cta__bg-overlay\"><\/div>\n\t\t\t<\/div>\n\t\t\t\t\t\t\t<div class=\"elementor-cta__content\">\n\t\t\t\t\n\t\t\t\t\t\t\t\t\t<h1 class=\"elementor-cta__title elementor-cta__content-item elementor-content-item elementor-animated-item--enter-from-bottom\">\n\t\t\t\t\t\tmaterial de Damas\u00f3nico\t\t\t\t\t<\/h1>\n\t\t\t\t\n\t\t\t\t\t\t\t\t\t<div class=\"elementor-cta__description elementor-cta__content-item elementor-content-item elementor-animated-item--enter-from-bottom\">\n\t\t\t\t\t\tmaterial que uso en el set\t\t\t\t\t<\/div>\n\t\t\t\t\n\t\t\t\t\t\t\t\t\t<div class=\"elementor-cta__button-wrapper elementor-cta__content-item elementor-content-item elementor-animated-item--enter-from-bottom\">\n\t\t\t\t\t<span class=\"elementor-cta__button elementor-button elementor-size-\">\n\t\t\t\t\t\tir a la p\u00e1gina\t\t\t\t\t<\/span>\n\t\t\t\t\t<\/div>\n\t\t\t\t\t\t\t<\/div>\n\t\t\t\t\t\t\t<div class=\"elementor-ribbon elementor-ribbon-left\">\n\t\t\t\t<div class=\"elementor-ribbon-inner\">\n\t\t\t\t\tmaterial\t\t\t\t<\/div>\n\t\t\t<\/div>\n\t\t\t\t<\/a>\n\t\t\t\t\t\t<\/div>\n\t\t\t\t<\/div>\n\t\t\t\t<\/div>\n\t\t<div class=\"elementor-element elementor-element-05828ae e-con-full e-flex e-con e-child\" data-id=\"05828ae\" data-element_type=\"container\" data-e-type=\"container\">\n\t\t\t\t<div class=\"elementor-element elementor-element-009cc22 elementor-cta--skin-cover elementor-cta--valign-bottom elementor-bg-transform elementor-bg-transform-move-right elementor-animated-content elementor-widget elementor-widget-call-to-action\" data-id=\"009cc22\" data-element_type=\"widget\" data-e-type=\"widget\" data-widget_type=\"call-to-action.default\">\n\t\t\t\t<div class=\"elementor-widget-container\">\n\t\t\t\t\t\t\t<a class=\"elementor-cta\" href=\"https:\/\/damasonico.com\/gallery\/\">\n\t\t\t\t\t<div class=\"elementor-cta__bg-wrapper\">\n\t\t\t\t<div class=\"elementor-cta__bg elementor-bg\" style=\"background-image: url(https:\/\/damasonico.com\/wp-content\/uploads\/2024\/07\/Damasonico.SounMixer4-1024x1024.jpg);\" role=\"img\" aria-label=\"Damasonico.SounMixer4\"><\/div>\n\t\t\t\t<div class=\"elementor-cta__bg-overlay\"><\/div>\n\t\t\t<\/div>\n\t\t\t\t\t\t\t<div class=\"elementor-cta__content\">\n\t\t\t\t\n\t\t\t\t\t\t\t\t\t<h1 class=\"elementor-cta__title elementor-cta__content-item elementor-content-item elementor-animated-item--enter-from-bottom\">\n\t\t\t\t\t\tIm\u00e1genes de Damas\u00f3nico\t\t\t\t\t<\/h1>\n\t\t\t\t\n\t\t\t\t\t\t\t\t\t<div class=\"elementor-cta__description elementor-cta__content-item elementor-content-item elementor-animated-item--enter-from-bottom\">\n\t\t\t\t\t\tfotos de sonidista y material en el set\t\t\t\t\t<\/div>\n\t\t\t\t\n\t\t\t\t\t\t\t\t\t<div class=\"elementor-cta__button-wrapper elementor-cta__content-item elementor-content-item elementor-animated-item--enter-from-bottom\">\n\t\t\t\t\t<span class=\"elementor-cta__button elementor-button elementor-size-\">\n\t\t\t\t\t\tir a la p\u00e1gina\t\t\t\t\t<\/span>\n\t\t\t\t\t<\/div>\n\t\t\t\t\t\t\t<\/div>\n\t\t\t\t\t\t\t<div class=\"elementor-ribbon elementor-ribbon-left\">\n\t\t\t\t<div class=\"elementor-ribbon-inner\">\n\t\t\t\t\tgaler\u00eda\t\t\t\t<\/div>\n\t\t\t<\/div>\n\t\t\t\t<\/a>\n\t\t\t\t\t\t<\/div>\n\t\t\t\t<\/div>\n\t\t\t\t<\/div>\n\t\t<div class=\"elementor-element elementor-element-f8faa3f e-con-full e-flex e-con e-child\" data-id=\"f8faa3f\" data-element_type=\"container\" data-e-type=\"container\">\n\t\t\t\t<div class=\"elementor-element elementor-element-9bdda4c elementor-cta--skin-cover elementor-cta--valign-bottom elementor-bg-transform elementor-bg-transform-move-right elementor-animated-content elementor-widget elementor-widget-call-to-action\" data-id=\"9bdda4c\" data-element_type=\"widget\" data-e-type=\"widget\" data-widget_type=\"call-to-action.default\">\n\t\t\t\t<div class=\"elementor-widget-container\">\n\t\t\t\t\t\t\t<a class=\"elementor-cta\" href=\"https:\/\/damasonico.com\/contact\/\">\n\t\t\t\t\t<div class=\"elementor-cta__bg-wrapper\">\n\t\t\t\t<div class=\"elementor-cta__bg elementor-bg\" style=\"background-image: url(https:\/\/damasonico.com\/wp-content\/uploads\/2024\/07\/IMG_2582-1024x1024.jpg);\" role=\"img\" aria-label=\"IMG_2582\"><\/div>\n\t\t\t\t<div class=\"elementor-cta__bg-overlay\"><\/div>\n\t\t\t<\/div>\n\t\t\t\t\t\t\t<div class=\"elementor-cta__content\">\n\t\t\t\t\n\t\t\t\t\t\t\t\t\t<h1 class=\"elementor-cta__title elementor-cta__content-item elementor-content-item elementor-animated-item--enter-from-bottom\">\n\t\t\t\t\t\tcontacto damas\u00f3nico\t\t\t\t\t<\/h1>\n\t\t\t\t\n\t\t\t\t\t\t\t\t\t<div class=\"elementor-cta__description elementor-cta__content-item elementor-content-item elementor-animated-item--enter-from-bottom\">\n\t\t\t\t\t\tcontacta conmigo para tu proyecto\t\t\t\t\t<\/div>\n\t\t\t\t\n\t\t\t\t\t\t\t\t\t<div class=\"elementor-cta__button-wrapper elementor-cta__content-item elementor-content-item elementor-animated-item--enter-from-bottom\">\n\t\t\t\t\t<span class=\"elementor-cta__button elementor-button elementor-size-\">\n\t\t\t\t\t\tir a la p\u00e1gina\t\t\t\t\t<\/span>\n\t\t\t\t\t<\/div>\n\t\t\t\t\t\t\t<\/div>\n\t\t\t\t\t\t\t<div class=\"elementor-ribbon elementor-ribbon-left\">\n\t\t\t\t<div class=\"elementor-ribbon-inner\">\n\t\t\t\t\tcontacto\t\t\t\t<\/div>\n\t\t\t<\/div>\n\t\t\t\t<\/a>\n\t\t\t\t\t\t<\/div>\n\t\t\t\t<\/div>\n\t\t\t\t<\/div>\n\t\t\t\t\t<\/div>\n\t\t\t\t<\/div>\n\t\t<div class=\"elementor-element elementor-element-f8b8cc1 e-flex e-con-boxed e-con e-parent\" data-id=\"f8b8cc1\" data-element_type=\"container\" data-e-type=\"container\">\n\t\t\t\t\t<div class=\"e-con-inner\">\n\t\t\t\t<div class=\"elementor-element elementor-element-5750f5c elementor-widget elementor-widget-spacer\" data-id=\"5750f5c\" data-element_type=\"widget\" data-e-type=\"widget\" data-widget_type=\"spacer.default\">\n\t\t\t\t<div class=\"elementor-widget-container\">\n\t\t\t\t\t\t\t<div class=\"elementor-spacer\">\n\t\t\t<div class=\"elementor-spacer-inner\"><\/div>\n\t\t<\/div>\n\t\t\t\t\t\t<\/div>\n\t\t\t\t<\/div>\n\t\t\t\t\t<\/div>\n\t\t\t\t<\/div>\n\t\t\t\t<\/div>","protected":false},"excerpt":{"rendered":"<p>services Explore my Sound Services: I&#8217;m your dedicated sound mixing professional, ready to enhance your project&#8217;s audio, be it for films, TV series, or advertising. Whether your project is grand or small, local or international, my experience guarantees top-tier sound quality for your ultimate success. production sound recording Specializing in production sound mixing for films, [&hellip;]<\/p>\n","protected":false},"author":1,"featured_media":0,"parent":0,"menu_order":5,"comment_status":"closed","ping_status":"closed","template":"","meta":{"footnotes":""},"class_list":["post-58","page","type-page","status-publish","hentry"],"_links":{"self":[{"href":"https:\/\/damasonico.com\/es\/wp-json\/wp\/v2\/pages\/58","targetHints":{"allow":["GET"]}}],"collection":[{"href":"https:\/\/damasonico.com\/es\/wp-json\/wp\/v2\/pages"}],"about":[{"href":"https:\/\/damasonico.com\/es\/wp-json\/wp\/v2\/types\/page"}],"author":[{"embeddable":true,"href":"https:\/\/damasonico.com\/es\/wp-json\/wp\/v2\/users\/1"}],"replies":[{"embeddable":true,"href":"https:\/\/damasonico.com\/es\/wp-json\/wp\/v2\/comments?post=58"}],"version-history":[{"count":165,"href":"https:\/\/damasonico.com\/es\/wp-json\/wp\/v2\/pages\/58\/revisions"}],"predecessor-version":[{"id":4980,"href":"https:\/\/damasonico.com\/es\/wp-json\/wp\/v2\/pages\/58\/revisions\/4980"}],"wp:attachment":[{"href":"https:\/\/damasonico.com\/es\/wp-json\/wp\/v2\/media?parent=58"}],"curies":[{"name":"wp","href":"https:\/\/api.w.org\/{rel}","templated":true}]}}